{"id":36,"date":"2025-05-05T21:08:55","date_gmt":"2025-05-05T21:08:55","guid":{"rendered":"https:\/\/www.heatersales.ca\/?page_id=36"},"modified":"2026-04-07T23:25:03","modified_gmt":"2026-04-07T23:25:03","slug":"contact-us","status":"publish","type":"page","link":"https:\/\/www.heatersales.ca\/fr-ca\/contact-us\/","title":{"rendered":"Contactez-nous"},"content":{"rendered":"<div class=\"wpb-content-wrapper\"><div data-vc-full-width=\"true\" data-vc-full-width-temp=\"true\" data-vc-full-width-init=\"false\" class=\"vc_row wpb_row vc_row-fluid vc_custom_1747167987438 vc_row-has-fill vc_row-o-content-middle vc_row-flex\"><div class=\"wpb_column vc_column_container vc_col-sm-12\"><div class=\"vc_column-inner\"><div class=\"wpb_wrapper\">\n\t<div class=\"wpb_text_column wpb_content_element white-texts\" >\n\t\t<div class=\"wpb_wrapper\">\n\t\t\t<h1 style=\"text-align: center;\">Contactez-nous<\/h1>\n\n\t\t<\/div>\n\t<\/div>\n<\/div><\/div><\/div><\/div><div class=\"vc_row-full-width vc_clearfix\"><\/div><section data-vc-full-width=\"true\" data-vc-full-width-temp=\"true\" data-vc-full-width-init=\"false\" class=\"vc_section vc_custom_1749247048446 vc_section-has-fill\"><div class=\"vc_row wpb_row vc_row-fluid vc_row-o-content-middle vc_row-flex\"><div class=\"wpb_column vc_column_container vc_col-sm-12\"><div class=\"vc_column-inner\"><div class=\"wpb_wrapper\">\n\t<div class=\"wpb_text_column wpb_content_element\" >\n\t\t<div class=\"wpb_wrapper\">\n\t\t\t<h2 style=\"text-align: center;\">Nous sommes l\u00e0 pour vous aider<\/h2>\n\n\t\t<\/div>\n\t<\/div>\n\n\t<div class=\"wpb_text_column wpb_content_element vc_custom_1749247026053\" >\n\t\t<div class=\"wpb_wrapper\">\n\t\t\t<h4 style=\"text-align: center;\">Vous avez des questions concernant les pi\u00e8ces, le service ou l'assistance produit ? Notre \u00e9quipe est \u00e0 votre disposition pour vous aider.<\/h4>\n\n\t\t<\/div>\n\t<\/div>\n<\/div><\/div><\/div><\/div><\/section><div class=\"vc_row-full-width vc_clearfix\"><\/div><section class=\"vc_section vc_custom_1749565861953\"><div class=\"vc_row wpb_row vc_row-fluid\"><div class=\"wpb_column vc_column_container vc_col-sm-6\"><div class=\"vc_column-inner\"><div class=\"wpb_wrapper\">\n\t<div class=\"wpb_text_column wpb_content_element\" >\n\t\t<div class=\"wpb_wrapper\">\n\t\t\t<h2>Bureau de l'Ouest<\/h2>\n<p>Adresse du bureau : <a href=\"https:\/\/maps.app.goo.gl\/BxRo3Hi5LgLJW6ds9\">2106 6 St Nisku, AB, T9E 7X5<\/a><br \/>\nNum\u00e9ro de t\u00e9l\u00e9phone : <a href=\"tel:780-979-0220\">(780) 979-0220<\/a><br \/>\nCourriel : <a href=\"mailto:info@heatersales.ca\">info@heatersales.ca<\/a><br \/>\nEntretien : <strong>Ouest canadien et \u00c9tats-Unis<\/strong><\/p>\n\n\t\t<\/div>\n\t<\/div>\n<\/div><\/div><\/div><div class=\"wpb_column vc_column_container vc_col-sm-6\"><div class=\"vc_column-inner\"><div class=\"wpb_wrapper\">\n\t<div class=\"wpb_text_column wpb_content_element\" >\n\t\t<div class=\"wpb_wrapper\">\n\t\t\t<h2>Bureau de l'Est<\/h2>\n<p>Adresse du bureau : <a href=\"https:\/\/share.google\/gVoByZDMTqxyJT3Lm\">921 Barton St, Unit 4, Stoney Creek, ON, L8E 5P5<\/a><br \/>\nNum\u00e9ro de t\u00e9l\u00e9phone : <a href=\"tel:437-826-7300\">(437) 826-7300<\/a><br \/>\nCourriel : <a href=\"mailto:info@heatersales.ca\">info@heatersales.ca<\/a><br \/>\nEntretien :<strong> Est du Canada<\/strong><\/p>\n\n\t\t<\/div>\n\t<\/div>\n<\/div><\/div><\/div><\/div><div class=\"vc_row wpb_row vc_row-fluid vc_custom_1748532324972\"><div class=\"wpb_column vc_column_container vc_col-sm-6\"><div class=\"vc_column-inner\"><div class=\"wpb_wrapper\">\n\t<div class=\"wpb_text_column wpb_content_element\" >\n\t\t<div class=\"wpb_wrapper\">\n\t\t\t<h2 style=\"text-align: left;\"><span style=\"color: #000000;\">Repr\u00e9sentants commerciaux<\/span><\/h2>\n\n\t\t<\/div>\n\t<\/div>\n\n\t<div class=\"wpb_text_column wpb_content_element\" >\n\t\t<div class=\"wpb_wrapper\">\n\t\t\t<h3><span style=\"color: #dd823b;\">Nord-Ouest des \u00c9tats-Unis<\/span><\/h3>\n<h4>Elevation Marketing Group<\/h4>\n<p>Num\u00e9ro de t\u00e9l\u00e9phone : <a href=\"tel:+12082433037\">(208) 243-3037<\/a><br \/>\nCourriel : <a href=\"mailto:gary@elevationmarketinggrp.com\">gary@elevationmarketinggrp.com<\/a><br \/>\nEntretien : <strong>MT<\/strong>, <strong>ID<\/strong>, <strong>UT<\/strong>, <strong>WY<\/strong>, <strong>CO<\/strong>, <strong>WA<\/strong>, <strong>OR<\/strong><\/p>\n\n\t\t<\/div>\n\t<\/div>\n<\/div><\/div><\/div><div class=\"wpb_column vc_column_container vc_col-sm-6\"><div class=\"vc_column-inner\"><div class=\"wpb_wrapper\">\n\t<div class=\"wpb_text_column wpb_content_element\" >\n\t\t<div class=\"wpb_wrapper\">\n\t\t\t<h3 style=\"text-align: left;\">Assistance t\u00e9l\u00e9phonique gratuite<\/h3>\n\n\t\t<\/div>\n\t<\/div>\n\n\t<div class=\"wpb_text_column wpb_content_element\" >\n\t\t<div class=\"wpb_wrapper\">\n\t\t\t<h5>Appelez-nous depuis n'importe o\u00f9 en Am\u00e9rique du Nord :<\/h5>\n<p><a href=\"tel:1-844-979-4328\">1 (844) 979-HEAT (4328)<\/a><\/p>\n\n\t\t<\/div>\n\t<\/div>\n<\/div><\/div><\/div><\/div><div class=\"vc_row wpb_row vc_row-fluid vc_custom_1748532324972\"><div class=\"wpb_column vc_column_container vc_col-sm-6\"><div class=\"vc_column-inner\"><div class=\"wpb_wrapper\"><\/div><\/div><\/div><div class=\"wpb_column vc_column_container vc_col-sm-6\"><div class=\"vc_column-inner\"><div class=\"wpb_wrapper\"><\/div><\/div><\/div><\/div><\/section><div class=\"vc_row wpb_row vc_row-fluid vc_custom_1749565876376\"><div class=\"wpb_column vc_column_container vc_col-sm-12\"><div class=\"vc_column-inner\"><div class=\"wpb_wrapper\">\n\t<div class=\"wpb_raw_code wpb_raw_html wpb_content_element rounded-corners margin-bottom-zero\" >\n\t\t<div class=\"wpb_wrapper\">\n\t\t\t<div id=\"wpgmza_map\" class=\"wpgmza_map\" data-settings='{\"id\":\"1\",\"map_title\":\"Heater Offices\",\"map_width\":\"100\",\"map_height\":\"400\",\"map_start_lat\":\"48.30601803701089\",\"map_start_lng\":\"-95.96602661494144\",\"map_start_location\":\"45.950464398418106,-109.81550500000003\",\"map_start_zoom\":\"4\",\"default_marker\":\"\",\"type\":\"0\",\"alignment\":\"4\",\"directions_enabled\":\"0\",\"styling_enabled\":\"0\",\"styling_json\":\"\",\"active\":\"0\",\"kml\":\"\",\"bicycle\":\"0\",\"traffic\":\"0\",\"dbox\":\"0\",\"dbox_width\":\"\",\"listmarkers\":\"0\",\"listmarkers_advanced\":\"0\",\"filterbycat\":\"0\",\"ugm_enabled\":\"0\",\"ugm_category_enabled\":\"0\",\"fusion\":\"\",\"map_width_type\":\"%\",\"map_height_type\":\"px\",\"mass_marker_support\":\"0\",\"ugm_access\":\"0\",\"order_markers_by\":\"0\",\"order_markers_choice\":\"0\",\"show_user_location\":\"0\",\"default_to\":\"\",\"other_settings\":{\"map_type\":1,\"sl_stroke_color\":\"\",\"sl_fill_color\":\"\",\"sl_stroke_opacity\":\"\",\"sl_fill_opacity\":\"\",\"transport_layer\":false,\"action\":\"wpgmza_save_map\",\"redirect_to\":\"\\\/wp-admin\\\/admin-post.php\",\"map_id\":\"1\",\"http_referer\":\"\\\/wp-admin\\\/admin.php?page=wp-google-maps-menu&amp;amp;action=edit&amp;amp;map_id=1\",\"wpgmza_id\":\"1\",\"wpgmza_start_location\":\"48.30601803701089,-95.96602661494144\",\"wpgmza_start_zoom\":\"4\",\"store_locator_enabled\":false,\"store_locator_search_area\":\"radial\",\"wpgmza_store_locator_radius_style\":\"legacy\",\"wpgmza_store_locator_default_radius\":\"10\",\"store_locator_auto_area_max_zoom\":\"\",\"store_locator_distance\":false,\"wpgmza_store_locator_position\":false,\"store_locator_show_distance\":false,\"store_locator_category\":false,\"wpgmza_store_locator_use_their_location\":false,\"wpgmza_store_locator_bounce\":false,\"wpgmza_sl_animation\":null,\"wpgmza_store_locator_hide_before_search\":false,\"store_locator_query_string\":\"\",\"store_locator_location_placeholder\":\"\",\"store_locator_default_address\":\"\",\"store_locator_name_search\":false,\"store_locator_name_string\":\"\",\"store_locator_not_found_message\":\"\",\"wpgmza_map_align\":\"1\",\"jump_to_nearest_marker_on_initialization\":false,\"automatically_pan_to_users_location\":false,\"override_users_location_zoom_level\":false,\"override_users_location_zoom_levels\":\"\",\"show_distance_from_location\":false,\"map_max_zoom\":\"21\",\"map_min_zoom\":\"0\",\"click_open_link\":false,\"fit_maps_bounds_to_markers\":false,\"fit_maps_bounds_to_markers_after_filtering\":false,\"hide_point_of_interest\":false,\"wpgmza_zoom_on_marker_click\":false,\"wpgmza_zoom_on_marker_click_slider\":\"\",\"close_infowindow_on_map_click\":false,\"disable_lightbox_images\":false,\"use_Raw_Jpeg_Coordinates\":false,\"disable_polygon_info_windows\":false,\"enable_marker_ratings\":false,\"enable_marker_labels\":false,\"only_load_markers_within_viewport\":false,\"zoom_level_mobile_override_enabled\":true,\"zoom_level_mobile_override\":\"3\",\"iw_primary_color\":\"#000000\",\"iw_accent_color\":\"#000000\",\"iw_text_color\":\"#000000\",\"wpgmza_listmarkers_by\":\"0\",\"wpgmza_marker_listing_position\":false,\"zoom_level_on_marker_listing_override\":false,\"zoom_level_on_marker_listing_click\":\"\",\"marker_listing_disable_zoom\":false,\"datatable_no_result_message\":\"\",\"remove_search_box_datables\":false,\"dataTable_pagination_style\":null,\"datatable_search_string\":\"\",\"datatable_result_start\":\"\",\"datatable_result_of\":\"\",\"datatable_result_to\":\"\",\"datatable_result_total\":\"\",\"datatable_result_show\":\"\",\"datatable_result_entries\":\"\",\"wpgmza_savemap\":\"Save Map \\u00bb\"}}' data-map-id='1' data-maps-engine='open-layers' data-shortcode-attributes='{\"id\":\"1\"}' style=\"display:block; overflow:auto; width:100%; height:400px; float:left;\"><\/div>\n\t\t<\/div>\n\t<\/div>\n<\/div><\/div><\/div><\/div>\n<\/div>","protected":false},"excerpt":{"rendered":"Contact Us We're Here to Help Questions about parts, service, or product support? Our team is ready to assist you. Western Office Office Address: 2106 6<span class=\"excerpt-hellip\"> [\u2026]<\/span>","protected":false},"author":2,"featured_media":-1,"parent":0,"menu_order":0,"comment_status":"closed","ping_status":"closed","template":"","meta":{"footnotes":""},"class_list":["post-36","page","type-page","status-publish","has-post-thumbnail","hentry"],"yoast_head":"<!-- This site is optimized with the Yoast SEO plugin v27.5 - https:\/\/yoast.com\/product\/yoast-seo-wordpress\/ -->\n<title>Contact Us - Heater Sales and Service<\/title>\n<meta name=\"description\" content=\"Get in touch with Heater Sales &amp; Service for expert support, sales inquiries, or service requests. We&#039;re here to help across North America.\" \/>\n<meta name=\"robots\" content=\"index, follow, max-snippet:-1, max-image-preview:large, max-video-preview:-1\" \/>\n<link rel=\"canonical\" href=\"https:\/\/www.heatersales.ca\/fr-ca\/contact-us\/\" \/>\n<meta property=\"og:locale\" content=\"fr_CA\" \/>\n<meta property=\"og:type\" content=\"article\" \/>\n<meta property=\"og:title\" content=\"Contact Us - Heater Sales and Service\" \/>\n<meta property=\"og:description\" content=\"Get in touch with Heater Sales &amp; Service for expert support, sales inquiries, or service requests. We&#039;re here to help across North America.\" \/>\n<meta property=\"og:url\" content=\"https:\/\/www.heatersales.ca\/fr-ca\/contact-us\/\" \/>\n<meta property=\"og:site_name\" content=\"Heater Sales and Service\" \/>\n<meta property=\"article:modified_time\" content=\"2026-04-07T23:25:03+00:00\" \/>\n<meta name=\"twitter:card\" content=\"summary_large_image\" \/>\n<meta name=\"twitter:label1\" content=\"Estimation du temps de lecture\" \/>\n\t<meta name=\"twitter:data1\" content=\"1 minute\" \/>\n<script type=\"application\/ld+json\" class=\"yoast-schema-graph\">{\"@context\":\"https:\\\/\\\/schema.org\",\"@graph\":[{\"@type\":\"WebPage\",\"@id\":\"https:\\\/\\\/www.heatersales.ca\\\/contact-us\\\/\",\"url\":\"https:\\\/\\\/www.heatersales.ca\\\/contact-us\\\/\",\"name\":\"Contact Us - Heater Sales and Service\",\"isPartOf\":{\"@id\":\"https:\\\/\\\/www.heatersales.ca\\\/#website\"},\"datePublished\":\"2025-05-05T21:08:55+00:00\",\"dateModified\":\"2026-04-07T23:25:03+00:00\",\"description\":\"Get in touch with Heater Sales & Service for expert support, sales inquiries, or service requests. We're here to help across North America.\",\"breadcrumb\":{\"@id\":\"https:\\\/\\\/www.heatersales.ca\\\/contact-us\\\/#breadcrumb\"},\"inLanguage\":\"fr-CA\",\"potentialAction\":[{\"@type\":\"ReadAction\",\"target\":[\"https:\\\/\\\/www.heatersales.ca\\\/contact-us\\\/\"]}]},{\"@type\":\"BreadcrumbList\",\"@id\":\"https:\\\/\\\/www.heatersales.ca\\\/contact-us\\\/#breadcrumb\",\"itemListElement\":[{\"@type\":\"ListItem\",\"position\":1,\"name\":\"Home\",\"item\":\"https:\\\/\\\/www.heatersales.ca\\\/\"},{\"@type\":\"ListItem\",\"position\":2,\"name\":\"Contact Us\"}]},{\"@type\":\"WebSite\",\"@id\":\"https:\\\/\\\/www.heatersales.ca\\\/#website\",\"url\":\"https:\\\/\\\/www.heatersales.ca\\\/\",\"name\":\"Heater Sales and Service\",\"description\":\"\",\"publisher\":{\"@id\":\"https:\\\/\\\/www.heatersales.ca\\\/#organization\"},\"potentialAction\":[{\"@type\":\"SearchAction\",\"target\":{\"@type\":\"EntryPoint\",\"urlTemplate\":\"https:\\\/\\\/www.heatersales.ca\\\/?s={search_term_string}\"},\"query-input\":{\"@type\":\"PropertyValueSpecification\",\"valueRequired\":true,\"valueName\":\"search_term_string\"}}],\"inLanguage\":\"fr-CA\"},{\"@type\":\"Organization\",\"@id\":\"https:\\\/\\\/www.heatersales.ca\\\/#organization\",\"name\":\"Heater Sales and Service\",\"url\":\"https:\\\/\\\/www.heatersales.ca\\\/\",\"logo\":{\"@type\":\"ImageObject\",\"inLanguage\":\"fr-CA\",\"@id\":\"https:\\\/\\\/www.heatersales.ca\\\/#\\\/schema\\\/logo\\\/image\\\/\",\"url\":\"https:\\\/\\\/www.heatersales.ca\\\/wp-content\\\/uploads\\\/2025\\\/06\\\/Heater-Logo-Large.png\",\"contentUrl\":\"https:\\\/\\\/www.heatersales.ca\\\/wp-content\\\/uploads\\\/2025\\\/06\\\/Heater-Logo-Large.png\",\"width\":1663,\"height\":678,\"caption\":\"Heater Sales and Service\"},\"image\":{\"@id\":\"https:\\\/\\\/www.heatersales.ca\\\/#\\\/schema\\\/logo\\\/image\\\/\"}}]}<\/script>\n<!-- \/ Yoast SEO plugin. -->","yoast_head_json":{"title":"Contact Us - Heater Sales and Service","description":"Get in touch with Heater Sales & Service for expert support, sales inquiries, or service requests. We're here to help across North America.","robots":{"index":"index","follow":"follow","max-snippet":"max-snippet:-1","max-image-preview":"max-image-preview:large","max-video-preview":"max-video-preview:-1"},"canonical":"https:\/\/www.heatersales.ca\/fr-ca\/contact-us\/","og_locale":"fr_CA","og_type":"article","og_title":"Contact Us - Heater Sales and Service","og_description":"Get in touch with Heater Sales & Service for expert support, sales inquiries, or service requests. We're here to help across North America.","og_url":"https:\/\/www.heatersales.ca\/fr-ca\/contact-us\/","og_site_name":"Heater Sales and Service","article_modified_time":"2026-04-07T23:25:03+00:00","twitter_card":"summary_large_image","twitter_misc":{"Estimation du temps de lecture":"1 minute"},"schema":{"@context":"https:\/\/schema.org","@graph":[{"@type":"WebPage","@id":"https:\/\/www.heatersales.ca\/contact-us\/","url":"https:\/\/www.heatersales.ca\/contact-us\/","name":"Contact Us - Heater Sales and Service","isPartOf":{"@id":"https:\/\/www.heatersales.ca\/#website"},"datePublished":"2025-05-05T21:08:55+00:00","dateModified":"2026-04-07T23:25:03+00:00","description":"Get in touch with Heater Sales & Service for expert support, sales inquiries, or service requests. We're here to help across North America.","breadcrumb":{"@id":"https:\/\/www.heatersales.ca\/contact-us\/#breadcrumb"},"inLanguage":"fr-CA","potentialAction":[{"@type":"ReadAction","target":["https:\/\/www.heatersales.ca\/contact-us\/"]}]},{"@type":"BreadcrumbList","@id":"https:\/\/www.heatersales.ca\/contact-us\/#breadcrumb","itemListElement":[{"@type":"ListItem","position":1,"name":"Home","item":"https:\/\/www.heatersales.ca\/"},{"@type":"ListItem","position":2,"name":"Contact Us"}]},{"@type":"WebSite","@id":"https:\/\/www.heatersales.ca\/#website","url":"https:\/\/www.heatersales.ca\/","name":"Vente et service d'appareils de chauffage","description":"","publisher":{"@id":"https:\/\/www.heatersales.ca\/#organization"},"potentialAction":[{"@type":"SearchAction","target":{"@type":"EntryPoint","urlTemplate":"https:\/\/www.heatersales.ca\/?s={search_term_string}"},"query-input":{"@type":"PropertyValueSpecification","valueRequired":true,"valueName":"search_term_string"}}],"inLanguage":"fr-CA"},{"@type":"Organization","@id":"https:\/\/www.heatersales.ca\/#organization","name":"Vente et service d'appareils de chauffage","url":"https:\/\/www.heatersales.ca\/","logo":{"@type":"ImageObject","inLanguage":"fr-CA","@id":"https:\/\/www.heatersales.ca\/#\/schema\/logo\/image\/","url":"https:\/\/www.heatersales.ca\/wp-content\/uploads\/2025\/06\/Heater-Logo-Large.png","contentUrl":"https:\/\/www.heatersales.ca\/wp-content\/uploads\/2025\/06\/Heater-Logo-Large.png","width":1663,"height":678,"caption":"Heater Sales and Service"},"image":{"@id":"https:\/\/www.heatersales.ca\/#\/schema\/logo\/image\/"}}]}},"jetpack_sharing_enabled":true,"_links":{"self":[{"href":"https:\/\/www.heatersales.ca\/fr-ca\/wp-json\/wp\/v2\/pages\/36","targetHints":{"allow":["GET"]}}],"collection":[{"href":"https:\/\/www.heatersales.ca\/fr-ca\/wp-json\/wp\/v2\/pages"}],"about":[{"href":"https:\/\/www.heatersales.ca\/fr-ca\/wp-json\/wp\/v2\/types\/page"}],"author":[{"embeddable":true,"href":"https:\/\/www.heatersales.ca\/fr-ca\/wp-json\/wp\/v2\/users\/2"}],"replies":[{"embeddable":true,"href":"https:\/\/www.heatersales.ca\/fr-ca\/wp-json\/wp\/v2\/comments?post=36"}],"version-history":[{"count":10,"href":"https:\/\/www.heatersales.ca\/fr-ca\/wp-json\/wp\/v2\/pages\/36\/revisions"}],"predecessor-version":[{"id":2245,"href":"https:\/\/www.heatersales.ca\/fr-ca\/wp-json\/wp\/v2\/pages\/36\/revisions\/2245"}],"wp:featuredmedia":[{"embeddable":true,"href":"https:\/\/www.heatersales.ca\/fr-ca\/wp-json\/"}],"wp:attachment":[{"href":"https:\/\/www.heatersales.ca\/fr-ca\/wp-json\/wp\/v2\/media?parent=36"}],"curies":[{"name":"wp","href":"https:\/\/api.w.org\/{rel}","templated":true}]}}