{"id":1431,"date":"2025-07-03T20:51:09","date_gmt":"2025-07-03T20:51:09","guid":{"rendered":"https:\/\/www.heatersales.ca\/?page_id=1431"},"modified":"2025-08-26T20:55:00","modified_gmt":"2025-08-26T20:55:00","slug":"replacement-parts","status":"publish","type":"page","link":"https:\/\/www.heatersales.ca\/fr-ca\/replacement-parts\/","title":{"rendered":"Pi\u00e8ces de rechange"},"content":{"rendered":"<div class=\"wpb-content-wrapper\"><div data-vc-full-width=\"true\" data-vc-full-width-temp=\"true\" data-vc-full-width-init=\"false\" class=\"vc_row wpb_row vc_row-fluid vc_custom_1747167987438 vc_row-has-fill vc_row-o-content-middle vc_row-flex\"><div class=\"wpb_column vc_column_container vc_col-sm-12\"><div class=\"vc_column-inner\"><div class=\"wpb_wrapper\">\n\t<div class=\"wpb_text_column wpb_content_element white-texts\" >\n\t\t<div class=\"wpb_wrapper\">\n\t\t\t<h1 style=\"text-align: center;\">Pi\u00e8ces de rechange<\/h1>\n\n\t\t<\/div>\n\t<\/div>\n<\/div><\/div><\/div><\/div><div class=\"vc_row-full-width vc_clearfix\"><\/div><section id=\"parts\" data-vc-full-width=\"true\" data-vc-full-width-temp=\"true\" data-vc-full-width-init=\"false\" class=\"vc_section vc_custom_1751570118925\"><div class=\"vc_row wpb_row vc_row-fluid wpb_animate_when_almost_visible wpb_fadeIn fadeIn vc_row-o-content-middle vc_row-flex\"><div class=\"second-mobile wpb_column vc_column_container vc_col-sm-12\"><div class=\"vc_column-inner vc_custom_1748381314539\"><div class=\"wpb_wrapper\">\n\t<div class=\"wpb_text_column wpb_content_element\" >\n\t\t<div class=\"wpb_wrapper\">\n\t\t\t<h2 style=\"text-align: center;\">Composants fiables pour l\u2019\u00e9quipement sur lequel vous comptez<\/h2>\n\n\t\t<\/div>\n\t<\/div>\n\n\t<div class=\"wpb_text_column wpb_content_element vc_custom_1752266875318\" >\n\t\t<div class=\"wpb_wrapper\">\n\t\t\t<p style=\"text-align: center;\">Quand la disponibilit\u00e9 est essentielle, vous devez avoir acc\u00e8s rapidement aux bonnes pi\u00e8ces. Heater Sales &amp; Service maintient un large choix de pi\u00e8ces d\u2019origine et de rechange de haute qualit\u00e9 pour notre gamme compl\u00e8te d\u2019\u00e9quipements de chauffage et de ventilation, ainsi que pour de nombreux syst\u00e8mes hors marque et anciens mod\u00e8les.<\/p>\n\n\t\t<\/div>\n\t<\/div>\n<\/div><\/div><\/div><\/div><\/section><div class=\"vc_row-full-width vc_clearfix\"><\/div><section data-vc-full-width=\"true\" data-vc-full-width-temp=\"true\" data-vc-full-width-init=\"false\" class=\"vc_section gray-section gray-section-1 vc_custom_1753209186552\"><div class=\"vc_row wpb_row vc_row-fluid wpb_animate_when_almost_visible wpb_fadeInUp fadeInUp\"><div class=\"wpb_column vc_column_container vc_col-sm-12\"><div class=\"vc_column-inner\"><div class=\"wpb_wrapper\">\n\t<div class=\"vc_gutenberg wpb_content_element\" >\n\t\t<div class=\"wpb_wrapper\">\n\t\t\t<div\n    class=\"align  wp-block-icb-cards\"    id=\"icbCards-1\"\n    data-attributes='{&quot;clientId&quot;:&quot;d85abd23-3f1c-4414-b90d-c51657914524&quot;,&quot;cards&quot;:&#091;{&quot;background&quot;:{&quot;color&quot;:&quot;#fff&quot;},&quot;img&quot;:&quot;https:\\\/\\\/www.heatersales.ca\\\/wp-content\\\/uploads\\\/2025\\\/06\\\/parts2.jpg&quot;,&quot;title&quot;:&quot;&lt;strong&gt;What We Stock&lt;\\\/strong&gt;&quot;,&quot;desc&quot;:&quot;OEM and aftermarket parts for:&lt;br&gt;&lt;em&gt;Indirect-fired heaters&lt;\\\/em&gt;&lt;br&gt;&lt;em&gt;Direct-fired heaters&lt;br&gt;Trailer-mounted units&lt;br&gt;Air movers and ducting&lt;br&gt;Burner systems&lt;\\\/em&gt;&lt;br&gt;&lt;br&gt;Ducting components (Ultratex hoses, connectors)&lt;br&gt;&lt;br&gt;Fuel system parts (regulators, gauges, hoses, torches)&lt;br&gt;&quot;,&quot;btnLabal&quot;:&quot;Button&quot;,&quot;btnUrl&quot;:&quot;#&quot;,&quot;isBtn&quot;:false,&quot;cardUrl&quot;:&quot;&quot;},{&quot;background&quot;:{&quot;color&quot;:&quot;#fff&quot;},&quot;img&quot;:&quot;https:\\\/\\\/www.heatersales.ca\\\/wp-content\\\/uploads\\\/2025\\\/06\\\/image52.jpeg&quot;,&quot;title&quot;:&quot;&lt;strong&gt;What We Support&lt;\\\/strong&gt;&quot;,&quot;desc&quot;:&quot;Off-brand and legacy heater models&lt;br&gt;&lt;br&gt;Broad compatibility for commercial and industrial heating equipment&quot;,&quot;btnLabal&quot;:&quot;Button&quot;,&quot;btnUrl&quot;:&quot;#&quot;,&quot;isBtn&quot;:false,&quot;cardUrl&quot;:&quot;&quot;},{&quot;background&quot;:{&quot;color&quot;:&quot;#fff&quot;},&quot;img&quot;:&quot;https:\\\/\\\/www.heatersales.ca\\\/wp-content\\\/uploads\\\/2025\\\/07\\\/shipping_truck-e1752873429211.jpeg&quot;,&quot;title&quot;:&quot;&lt;strong&gt;Fast Fulfillment&lt;\\\/strong&gt;&quot;,&quot;desc&quot;:&quot;North America-wide shipping&lt;br&gt;&lt;br&gt;In-stock parts for fast turnaround&lt;br&gt;&lt;br&gt;Expert assistance to help you find the right component&quot;,&quot;btnLabal&quot;:&quot;Button&quot;,&quot;btnUrl&quot;:&quot;#&quot;,&quot;isBtn&quot;:false,&quot;cardUrl&quot;:&quot;&quot;},{&quot;background&quot;:{&quot;color&quot;:&quot;#fff&quot;},&quot;img&quot;:&quot;https:\\\/\\\/www.heatersales.ca\\\/wp-content\\\/uploads\\\/2025\\\/06\\\/image12.jpeg&quot;,&quot;title&quot;:&quot;&lt;strong&gt;Trust &amp; Expertise&lt;\\\/strong&gt;&quot;,&quot;desc&quot;:&quot;Factory-trained support team&lt;br&gt;&lt;br&gt;Technical guidance available with every order&quot;,&quot;btnLabal&quot;:&quot;Button&quot;,&quot;btnUrl&quot;:&quot;#&quot;,&quot;isBtn&quot;:false,&quot;cardUrl&quot;:&quot;&quot;}&#093;,&quot;layout&quot;:&quot;horizontal&quot;,&quot;columns&quot;:{&quot;desktop&quot;:1,&quot;tablet&quot;:2,&quot;mobile&quot;:1},&quot;TrpContentRestriction&quot;:{&quot;restriction_type&quot;:&quot;exclude&quot;,&quot;selected_languages&quot;:&#091;&#093;,&quot;panel_open&quot;:false},&quot;className&quot;:&quot;&quot;,&quot;align&quot;:&quot;&quot;,&quot;theme&quot;:&quot;default&quot;,&quot;columnGap&quot;:&quot;20px&quot;,&quot;rowGap&quot;:&quot;20px&quot;,&quot;isImg&quot;:true,&quot;isTab&quot;:false,&quot;imgHeight&quot;:&quot;200px&quot;,&quot;imgPos&quot;:&quot;first&quot;,&quot;background&quot;:{&quot;color&quot;:&quot;#0000&quot;},&quot;padding&quot;:{&quot;top&quot;:&quot;0px&quot;,&quot;right&quot;:&quot;0x&quot;,&quot;bottom&quot;:&quot;0px&quot;,&quot;left&quot;:&quot;0px&quot;},&quot;cardPadding&quot;:{&quot;top&quot;:&quot;0px&quot;,&quot;right&quot;:&quot;0px&quot;,&quot;bottom&quot;:&quot;0px&quot;,&quot;left&quot;:&quot;0px&quot;},&quot;cardRadius&quot;:&quot;8px&quot;,&quot;cardShadow&quot;:&#091;{&quot;hOffset&quot;:&quot;0px&quot;,&quot;vOffset&quot;:&quot;4px&quot;,&quot;blur&quot;:&quot;8px&quot;,&quot;spreed&quot;:&quot;0px&quot;,&quot;color&quot;:&quot;#0003&quot;}&#093;,&quot;contentAlign&quot;:&quot;left&quot;,&quot;contentPadding&quot;:{&quot;top&quot;:&quot;20px&quot;,&quot;right&quot;:&quot;15px&quot;,&quot;bottom&quot;:&quot;15px&quot;,&quot;left&quot;:&quot;15px&quot;},&quot;titleTypo&quot;:{&quot;fontSize&quot;:&quot;20&quot;},&quot;titleColor&quot;:&quot;#000&quot;,&quot;descTypo&quot;:{&quot;fontSize&quot;:&quot;16&quot;},&quot;descColor&quot;:&quot;#000&quot;,&quot;btnTypo&quot;:{&quot;fontSize&quot;:15,&quot;textDecoration&quot;:&quot;none&quot;},&quot;btnAlign&quot;:&quot;left&quot;,&quot;btnColors&quot;:{&quot;color&quot;:&quot;#fff&quot;,&quot;bg&quot;:&quot;#4527a4&quot;},&quot;btnHovColors&quot;:{&quot;color&quot;:&quot;#fff&quot;,&quot;bg&quot;:&quot;#fe6601&quot;},&quot;btnPadding&quot;:{&quot;top&quot;:&quot;10px&quot;,&quot;right&quot;:&quot;15px&quot;,&quot;bottom&quot;:&quot;10px&quot;,&quot;left&quot;:&quot;15px&quot;},&quot;btnRadius&quot;:&quot;8px&quot;,&quot;productsInfo&quot;:&#091;{&quot;title&quot;:&quot;Alienware Gaming Laptop&quot;,&quot;description&quot;:&quot;Alienware Laptop is one of the best Gaming Laptops. Every gamer loves it.&quot;,&quot;variant&quot;:&#091;&quot;i3&quot;,&quot;i5&quot;,&quot;i6&quot;,&quot;i9&quot;&#093;,&quot;image&quot;:&quot;https:\\\/\\\/templates.bplugins.com\\\/wp-content\\\/uploads\\\/2025\\\/05\\\/Alienware-Laptop.png&quot;,&quot;button&quot;:{&quot;text&quot;:&quot;Buy Now&quot;,&quot;link&quot;:&quot;&quot;}},{&quot;title&quot;:&quot;Alienware Gaming Laptop&quot;,&quot;description&quot;:&quot;Alienware Laptop is one of the best Gaming Laptops. Every gamer loves it.&quot;,&quot;variant&quot;:&#091;&quot;i3&quot;,&quot;i5&quot;,&quot;i6&quot;,&quot;i9&quot;&#093;,&quot;image&quot;:&quot;https:\\\/\\\/templates.bplugins.com\\\/wp-content\\\/uploads\\\/2025\\\/05\\\/Alienware-Laptop.png&quot;,&quot;button&quot;:{&quot;text&quot;:&quot;Buy Now&quot;,&quot;link&quot;:&quot;&quot;}},{&quot;title&quot;:&quot;Alienware Gaming Laptop&quot;,&quot;description&quot;:&quot;Alienware Laptop is one of the best Gaming Laptops. Every gamer loves it.&quot;,&quot;variant&quot;:&#091;&quot;i3&quot;,&quot;i5&quot;,&quot;i6&quot;,&quot;i9&quot;&#093;,&quot;image&quot;:&quot;https:\\\/\\\/templates.bplugins.com\\\/wp-content\\\/uploads\\\/2025\\\/05\\\/Alienware-Laptop.png&quot;,&quot;button&quot;:{&quot;text&quot;:&quot;Buy Now&quot;,&quot;link&quot;:&quot;&quot;}}&#093;,&quot;styles&quot;:{&quot;margin&quot;:&quot;20px&quot;},&quot;grabCardInfo&quot;:{&quot;image&quot;:&quot;https:\\\/\\\/templates.bplugins.com\\\/wp-content\\\/uploads\\\/2025\\\/06\\\/quest.webp&quot;,&quot;title&quot;:&quot;Grab A Device&quot;,&quot;description&quot;:&quot;Your journey into spatial starts now. Get Meta Horizon OS for yourself or power up your entire team.&quot;,&quot;button&quot;:{&quot;text&quot;:&quot;Purchase a Meta Quest&quot;,&quot;link&quot;:&quot;#&quot;}},&quot;alignment&quot;:&quot;center&quot;,&quot;options&quot;:{&quot;isOpenInNewTab&quot;:true,&quot;isVariantShow&quot;:true,&quot;isButtonShow&quot;:true,&quot;isVisibleCircle&quot;:true,&quot;isTagShow&quot;:true,&quot;isNewTabOpen&quot;:true,&quot;isHoverRotated&quot;:true},&quot;ifso_condition_type&quot;:&quot;&quot;,&quot;ifso_default_exists&quot;:false,&quot;ifso_default_content&quot;:&quot;&quot;,&quot;ifso_render_with_ajax&quot;:&quot;same-as-global&quot;,&quot;ajax_loader_type&quot;:&quot;same-as-global&quot;}'>\n<\/div>\n\n\t\t<\/div>\n\t<\/div>\n<\/div><\/div><\/div><\/div><\/section><div class=\"vc_row-full-width vc_clearfix\"><\/div><section data-vc-full-width=\"true\" data-vc-full-width-temp=\"true\" data-vc-full-width-init=\"false\" class=\"vc_section vc_custom_1754931343053 vc_section-has-fill\"><div class=\"vc_row wpb_row vc_row-fluid\"><div class=\"wpb_column vc_column_container vc_col-sm-12\"><div class=\"vc_column-inner\"><div class=\"wpb_wrapper\">\n\t<div class=\"wpb_text_column wpb_content_element\" >\n\t\t<div class=\"wpb_wrapper\">\n\t\t\t<h2 style=\"text-align: center;\">Pi\u00e8ces fiables des marques reconnues<\/h2>\n\n\t\t<\/div>\n\t<\/div>\n\n\t<div class=\"wpb_text_column wpb_content_element vc_custom_1752266840101\" >\n\t\t<div class=\"wpb_wrapper\">\n\t\t\t<p style=\"text-align: center;\">Des marques de premier plan aux pi\u00e8ces anciennes difficiles \u00e0 trouver, notre r\u00e9seau d\u2019approvisionnement vous garantit de ne jamais attendre une pi\u00e8ce critique.<\/p>\n\n\t\t<\/div>\n\t<\/div>\n\n\t<div class=\"wpb_text_column wpb_content_element vc_custom_1752266888992\" >\n\t\t<div class=\"wpb_wrapper\">\n\t\t\t\n\t\t<style>\n\t\t\t#wpls-logo-showcase-slider-1 .wpls-fix-box,\n\t\t\t#wpls-logo-showcase-slider-1 .wpls-fix-box img.wp-post-image{max-height:250px; }\n\t\t<\/style>\n\n\t\t<div class=\"wpls-wrap wpls-logo-showcase-slider-wrp wpls-logo-clearfix wpls-design-1\" data-conf=\"{&quot;slides_column&quot;:4,&quot;slides_scroll&quot;:1,&quot;dots&quot;:&quot;false&quot;,&quot;arrows&quot;:&quot;true&quot;,&quot;autoplay&quot;:&quot;true&quot;,&quot;autoplay_interval&quot;:3000,&quot;loop&quot;:&quot;true&quot;,&quot;rtl&quot;:&quot;false&quot;,&quot;speed&quot;:800,&quot;center_mode&quot;:&quot;false&quot;,&quot;lazyload&quot;:&quot;&quot;}\">\n\t\t\t<div class=\"wpls-logo-showcase logo_showcase wpls-logo-slider  sliderimage_hide_border wpls-dots-false\" id=\"wpls-logo-showcase-slider-1\" >\n\t\t\t\t<div class=\"wpls-logo-cnt\">\n\t<div class=\"wpls-fix-box\">\n\t\t\t\t<img decoding=\"async\" class=\"wp-post-image\"  src=\"https:\/\/www.heatersales.ca\/wp-content\/uploads\/2025\/07\/channels4_profile.jpg\" alt=\"\" \/>\n\t\t\t<\/div>\n\t<\/div><div class=\"wpls-logo-cnt\">\n\t<div class=\"wpls-fix-box\">\n\t\t\t\t<img decoding=\"async\" class=\"wp-post-image\"  src=\"https:\/\/www.heatersales.ca\/wp-content\/uploads\/2025\/07\/beckett-e1752257046324.jpg\" alt=\"\" \/>\n\t\t\t<\/div>\n\t<\/div><div class=\"wpls-logo-cnt\">\n\t<div class=\"wpls-fix-box\">\n\t\t\t\t<img decoding=\"async\" class=\"wp-post-image\"  src=\"https:\/\/www.heatersales.ca\/wp-content\/uploads\/2025\/08\/Piusi_idWKmo2OLp_0.png\" alt=\"\" \/>\n\t\t\t<\/div>\n\t<\/div><div class=\"wpls-logo-cnt\">\n\t<div class=\"wpls-fix-box\">\n\t\t\t\t<img decoding=\"async\" class=\"wp-post-image\"  src=\"https:\/\/www.heatersales.ca\/wp-content\/uploads\/2025\/08\/norseman-logo.png\" alt=\"\" \/>\n\t\t\t<\/div>\n\t<\/div><div class=\"wpls-logo-cnt\">\n\t<div class=\"wpls-fix-box\">\n\t\t\t\t<img decoding=\"async\" class=\"wp-post-image\"  src=\"https:\/\/www.heatersales.ca\/wp-content\/uploads\/2025\/08\/NorgasLogoEN_30-REV.jpg\" alt=\"\" \/>\n\t\t\t<\/div>\n\t<\/div><div class=\"wpls-logo-cnt\">\n\t<div class=\"wpls-fix-box\">\n\t\t\t\t<img decoding=\"async\" class=\"wp-post-image\"  src=\"https:\/\/www.heatersales.ca\/wp-content\/uploads\/2025\/08\/weg.png\" alt=\"\" \/>\n\t\t\t<\/div>\n\t<\/div>\t\t\t<\/div>\n\t\t<\/div>\n\n\t\t\n\n\t\t<\/div>\n\t<\/div>\n<\/div><\/div><\/div><\/div><\/section><div class=\"vc_row-full-width vc_clearfix\"><\/div><section data-vc-full-width=\"true\" data-vc-full-width-temp=\"true\" data-vc-full-width-init=\"false\" class=\"vc_section vc_custom_1753993602315 vc_section-has-fill\"><div class=\"vc_row wpb_row vc_row-fluid wpb_animate_when_almost_visible wpb_fadeIn fadeIn\"><div class=\"wpb_column vc_column_container vc_col-sm-12\"><div class=\"vc_column-inner\"><div class=\"wpb_wrapper\">\n\t<div class=\"wpb_text_column wpb_content_element\" >\n\t\t<div class=\"wpb_wrapper\">\n\t\t\t<h2 style=\"text-align: center;\"><span style=\"color: #ff9900;\">Vous cherchez une pi\u00e8ce sp\u00e9cifique?<\/span><\/h2>\n\n\t\t<\/div>\n\t<\/div>\n\n\t<div class=\"wpb_text_column wpb_content_element white-texts\" >\n\t\t<div class=\"wpb_wrapper\">\n\t\t\t<h4 style=\"text-align: center;\">Que vous connaissiez le num\u00e9ro de pi\u00e8ce exact ou que vous ayez seulement une description de ce qui est cass\u00e9, notre \u00e9quipe exp\u00e9riment\u00e9e peut la trouver et l\u2019exp\u00e9dier rapidement.<\/h4>\n\n\t\t<\/div>\n\t<\/div>\n<\/div><\/div><\/div><\/div><div class=\"vc_row wpb_row vc_row-fluid\"><div class=\"wpb_column vc_column_container vc_col-sm-3\"><div class=\"vc_column-inner\"><div class=\"wpb_wrapper\"><\/div><\/div><\/div><div class=\"wpb_column vc_column_container vc_col-sm-3\"><div class=\"vc_column-inner\"><div class=\"wpb_wrapper\"><div class=\"vc_btn3-container vc_btn3-center vc_do_btn\" ><a class=\"vc_general vc_btn3 vc_btn3-size-md vc_btn3-shape-rounded vc_btn3-style-classic vc_btn3-color-warning\" href=\"#Footer\" title=\"\">Demander des pi\u00e8ces<\/a><\/div><\/div><\/div><\/div><div class=\"wpb_column vc_column_container vc_col-sm-3\"><div class=\"vc_column-inner\"><div class=\"wpb_wrapper\"><div class=\"vc_btn3-container  btn4 vc_btn3-center vc_do_btn\" ><a class=\"vc_general vc_btn3 vc_btn3-size-md vc_btn3-shape-rounded vc_btn3-style-classic vc_btn3-color-default\" href=\"tel:+17809790220\" title=\"\">Appelez maintenant<\/a><\/div><\/div><\/div><\/div><div class=\"wpb_column vc_column_container vc_col-sm-3\"><div class=\"vc_column-inner\"><div class=\"wpb_wrapper\"><\/div><\/div><\/div><\/div><\/section><div class=\"vc_row-full-width vc_clearfix\"><\/div><section data-vc-full-width=\"true\" data-vc-full-width-temp=\"true\" data-vc-full-width-init=\"false\" class=\"vc_section vc_custom_1752083087897\"><div class=\"vc_row wpb_row vc_row-fluid wpb_animate_when_almost_visible wpb_fadeIn fadeIn vc_row-o-content-middle vc_row-flex\"><div class=\"second-mobile wpb_column vc_column_container vc_col-sm-6\"><div class=\"vc_column-inner vc_custom_1748381314539\"><div class=\"wpb_wrapper\">\n\t<div class=\"wpb_text_column wpb_content_element\" >\n\t\t<div class=\"wpb_wrapper\">\n\t\t\t<h2>Besoin d\u2019une r\u00e9paration?<\/h2>\n\n\t\t<\/div>\n\t<\/div>\n\n\t<div class=\"wpb_text_column wpb_content_element\" >\n\t\t<div class=\"wpb_wrapper\">\n\t\t\t<p>Nos techniciens certifi\u00e9s entretiennent une vaste gamme d\u2019\u00e9quipements commerciaux et industriels \u2014 des chauffages et pompes aux g\u00e9n\u00e9ratrices, soudeuses et plus encore.<\/p>\n\n\t\t<\/div>\n\t<\/div>\n<div class=\"vc_btn3-container vc_btn3-center vc_custom_1752083262328 vc_do_btn\" ><a class=\"vc_general vc_btn3 vc_btn3-size-md vc_btn3-shape-rounded vc_btn3-style-classic vc_btn3-color-warning\" href=\"https:\/\/www.heatersales.ca\/fr-ca\/maintenance-repairs\/\" title=\"Entretien et r\u00e9parations\">En savoir plus sur les r\u00e9parations<\/a><\/div><\/div><\/div><\/div><div class=\"wpb_column vc_column_container vc_col-sm-6\"><div class=\"vc_column-inner\"><div class=\"wpb_wrapper\">\n\t<div  class=\"wpb_single_image wpb_content_element vc_align_center wpb_content_element vc_custom_1752083275313\">\n\t\t\n\t\t<figure class=\"wpb_wrapper vc_figure\">\n\t\t\t<div class=\"vc_single_image-wrapper   vc_box_border_grey\"><img loading=\"lazy\" decoding=\"async\" width=\"1512\" height=\"870\" src=\"https:\/\/www.heatersales.ca\/wp-content\/uploads\/2025\/06\/image22-e1749502796945.jpeg\" class=\"vc_single_image-img attachment-full\" alt=\"Certified technicians servicing industrial heating equipment, showcasing hands-on repair expertise and specialized tools\" title=\"Equipment Repair\" srcset=\"https:\/\/www.heatersales.ca\/wp-content\/uploads\/2025\/06\/image22-e1749502796945.jpeg 1512w, https:\/\/www.heatersales.ca\/wp-content\/uploads\/2025\/06\/image22-e1749502796945-300x173.jpeg 300w, https:\/\/www.heatersales.ca\/wp-content\/uploads\/2025\/06\/image22-e1749502796945-1024x589.jpeg 1024w, https:\/\/www.heatersales.ca\/wp-content\/uploads\/2025\/06\/image22-e1749502796945-768x442.jpeg 768w, https:\/\/www.heatersales.ca\/wp-content\/uploads\/2025\/06\/image22-e1749502796945-600x345.jpeg 600w, https:\/\/www.heatersales.ca\/wp-content\/uploads\/2025\/06\/image22-e1749502796945-278x160.jpeg 278w, https:\/\/www.heatersales.ca\/wp-content\/uploads\/2025\/06\/image22-e1749502796945-130x75.jpeg 130w, https:\/\/www.heatersales.ca\/wp-content\/uploads\/2025\/06\/image22-e1749502796945-480x276.jpeg 480w, https:\/\/www.heatersales.ca\/wp-content\/uploads\/2025\/06\/image22-e1749502796945-500x288.jpeg 500w, https:\/\/www.heatersales.ca\/wp-content\/uploads\/2025\/06\/image22-e1749502796945-800x460.jpeg 800w, https:\/\/www.heatersales.ca\/wp-content\/uploads\/2025\/06\/image22-e1749502796945-1280x737.jpeg 1280w\" sizes=\"auto, (max-width:767px) 480px, (max-width:1512px) 100vw, 1512px\" \/><\/div>\n\t\t<\/figure>\n\t<\/div>\n<\/div><\/div><\/div><\/div><\/section><div class=\"vc_row-full-width vc_clearfix\"><\/div><section class=\"vc_section\"><\/section><\/div>","protected":false},"excerpt":{"rendered":"","protected":false},"author":2,"featured_media":-1,"parent":0,"menu_order":0,"comment_status":"closed","ping_status":"closed","template":"","meta":{"footnotes":""},"class_list":["post-1431","page","type-page","status-publish","has-post-thumbnail","hentry"],"yoast_head":"<!-- This site is optimized with the Yoast SEO plugin v27.5 - https:\/\/yoast.com\/product\/yoast-seo-wordpress\/ -->\n<title>Replacement Parts - Heater Sales and Service<\/title>\n<meta name=\"description\" content=\"OEM and aftermarket heating equipment parts with fast shipping across North America. Expert support to keep your equipment running.\" \/>\n<meta name=\"robots\" content=\"index, follow, max-snippet:-1, max-image-preview:large, max-video-preview:-1\" \/>\n<link rel=\"canonical\" href=\"https:\/\/www.heatersales.ca\/fr-ca\/replacement-parts\/\" \/>\n<meta property=\"og:locale\" content=\"fr_CA\" \/>\n<meta property=\"og:type\" content=\"article\" \/>\n<meta property=\"og:title\" content=\"Replacement Parts - Heater Sales and Service\" \/>\n<meta property=\"og:description\" content=\"OEM and aftermarket heating equipment parts with fast shipping across North America. Expert support to keep your equipment running.\" \/>\n<meta property=\"og:url\" content=\"https:\/\/www.heatersales.ca\/fr-ca\/replacement-parts\/\" \/>\n<meta property=\"og:site_name\" content=\"Heater Sales and Service\" \/>\n<meta property=\"article:modified_time\" content=\"2025-08-26T20:55:00+00:00\" \/>\n<meta name=\"twitter:card\" content=\"summary_large_image\" \/>\n<meta name=\"twitter:label1\" content=\"Estimation du temps de lecture\" \/>\n\t<meta name=\"twitter:data1\" content=\"2 minutes\" \/>\n<script type=\"application\/ld+json\" class=\"yoast-schema-graph\">{\"@context\":\"https:\\\/\\\/schema.org\",\"@graph\":[{\"@type\":\"WebPage\",\"@id\":\"https:\\\/\\\/www.heatersales.ca\\\/replacement-parts\\\/\",\"url\":\"https:\\\/\\\/www.heatersales.ca\\\/replacement-parts\\\/\",\"name\":\"Replacement Parts - Heater Sales and Service\",\"isPartOf\":{\"@id\":\"https:\\\/\\\/www.heatersales.ca\\\/#website\"},\"datePublished\":\"2025-07-03T20:51:09+00:00\",\"dateModified\":\"2025-08-26T20:55:00+00:00\",\"description\":\"OEM and aftermarket heating equipment parts with fast shipping across North America. Expert support to keep your equipment running.\",\"breadcrumb\":{\"@id\":\"https:\\\/\\\/www.heatersales.ca\\\/replacement-parts\\\/#breadcrumb\"},\"inLanguage\":\"fr-CA\",\"potentialAction\":[{\"@type\":\"ReadAction\",\"target\":[\"https:\\\/\\\/www.heatersales.ca\\\/replacement-parts\\\/\"]}]},{\"@type\":\"BreadcrumbList\",\"@id\":\"https:\\\/\\\/www.heatersales.ca\\\/replacement-parts\\\/#breadcrumb\",\"itemListElement\":[{\"@type\":\"ListItem\",\"position\":1,\"name\":\"Home\",\"item\":\"https:\\\/\\\/www.heatersales.ca\\\/\"},{\"@type\":\"ListItem\",\"position\":2,\"name\":\"Replacement Parts\"}]},{\"@type\":\"WebSite\",\"@id\":\"https:\\\/\\\/www.heatersales.ca\\\/#website\",\"url\":\"https:\\\/\\\/www.heatersales.ca\\\/\",\"name\":\"Heater Sales and Service\",\"description\":\"\",\"publisher\":{\"@id\":\"https:\\\/\\\/www.heatersales.ca\\\/#organization\"},\"potentialAction\":[{\"@type\":\"SearchAction\",\"target\":{\"@type\":\"EntryPoint\",\"urlTemplate\":\"https:\\\/\\\/www.heatersales.ca\\\/?s={search_term_string}\"},\"query-input\":{\"@type\":\"PropertyValueSpecification\",\"valueRequired\":true,\"valueName\":\"search_term_string\"}}],\"inLanguage\":\"fr-CA\"},{\"@type\":\"Organization\",\"@id\":\"https:\\\/\\\/www.heatersales.ca\\\/#organization\",\"name\":\"Heater Sales and Service\",\"url\":\"https:\\\/\\\/www.heatersales.ca\\\/\",\"logo\":{\"@type\":\"ImageObject\",\"inLanguage\":\"fr-CA\",\"@id\":\"https:\\\/\\\/www.heatersales.ca\\\/#\\\/schema\\\/logo\\\/image\\\/\",\"url\":\"https:\\\/\\\/www.heatersales.ca\\\/wp-content\\\/uploads\\\/2025\\\/06\\\/Heater-Logo-Large.png\",\"contentUrl\":\"https:\\\/\\\/www.heatersales.ca\\\/wp-content\\\/uploads\\\/2025\\\/06\\\/Heater-Logo-Large.png\",\"width\":1663,\"height\":678,\"caption\":\"Heater Sales and Service\"},\"image\":{\"@id\":\"https:\\\/\\\/www.heatersales.ca\\\/#\\\/schema\\\/logo\\\/image\\\/\"}}]}<\/script>\n<!-- \/ Yoast SEO plugin. -->","yoast_head_json":{"title":"Replacement Parts - Heater Sales and Service","description":"OEM and aftermarket heating equipment parts with fast shipping across North America. Expert support to keep your equipment running.","robots":{"index":"index","follow":"follow","max-snippet":"max-snippet:-1","max-image-preview":"max-image-preview:large","max-video-preview":"max-video-preview:-1"},"canonical":"https:\/\/www.heatersales.ca\/fr-ca\/replacement-parts\/","og_locale":"fr_CA","og_type":"article","og_title":"Replacement Parts - Heater Sales and Service","og_description":"OEM and aftermarket heating equipment parts with fast shipping across North America. Expert support to keep your equipment running.","og_url":"https:\/\/www.heatersales.ca\/fr-ca\/replacement-parts\/","og_site_name":"Heater Sales and Service","article_modified_time":"2025-08-26T20:55:00+00:00","twitter_card":"summary_large_image","twitter_misc":{"Estimation du temps de lecture":"2 minutes"},"schema":{"@context":"https:\/\/schema.org","@graph":[{"@type":"WebPage","@id":"https:\/\/www.heatersales.ca\/replacement-parts\/","url":"https:\/\/www.heatersales.ca\/replacement-parts\/","name":"Replacement Parts - Heater Sales and Service","isPartOf":{"@id":"https:\/\/www.heatersales.ca\/#website"},"datePublished":"2025-07-03T20:51:09+00:00","dateModified":"2025-08-26T20:55:00+00:00","description":"OEM and aftermarket heating equipment parts with fast shipping across North America. Expert support to keep your equipment running.","breadcrumb":{"@id":"https:\/\/www.heatersales.ca\/replacement-parts\/#breadcrumb"},"inLanguage":"fr-CA","potentialAction":[{"@type":"ReadAction","target":["https:\/\/www.heatersales.ca\/replacement-parts\/"]}]},{"@type":"BreadcrumbList","@id":"https:\/\/www.heatersales.ca\/replacement-parts\/#breadcrumb","itemListElement":[{"@type":"ListItem","position":1,"name":"Home","item":"https:\/\/www.heatersales.ca\/"},{"@type":"ListItem","position":2,"name":"Replacement Parts"}]},{"@type":"WebSite","@id":"https:\/\/www.heatersales.ca\/#website","url":"https:\/\/www.heatersales.ca\/","name":"Vente et service d'appareils de chauffage","description":"","publisher":{"@id":"https:\/\/www.heatersales.ca\/#organization"},"potentialAction":[{"@type":"SearchAction","target":{"@type":"EntryPoint","urlTemplate":"https:\/\/www.heatersales.ca\/?s={search_term_string}"},"query-input":{"@type":"PropertyValueSpecification","valueRequired":true,"valueName":"search_term_string"}}],"inLanguage":"fr-CA"},{"@type":"Organization","@id":"https:\/\/www.heatersales.ca\/#organization","name":"Vente et service d'appareils de chauffage","url":"https:\/\/www.heatersales.ca\/","logo":{"@type":"ImageObject","inLanguage":"fr-CA","@id":"https:\/\/www.heatersales.ca\/#\/schema\/logo\/image\/","url":"https:\/\/www.heatersales.ca\/wp-content\/uploads\/2025\/06\/Heater-Logo-Large.png","contentUrl":"https:\/\/www.heatersales.ca\/wp-content\/uploads\/2025\/06\/Heater-Logo-Large.png","width":1663,"height":678,"caption":"Heater Sales and Service"},"image":{"@id":"https:\/\/www.heatersales.ca\/#\/schema\/logo\/image\/"}}]}},"jetpack_sharing_enabled":true,"_links":{"self":[{"href":"https:\/\/www.heatersales.ca\/fr-ca\/wp-json\/wp\/v2\/pages\/1431","targetHints":{"allow":["GET"]}}],"collection":[{"href":"https:\/\/www.heatersales.ca\/fr-ca\/wp-json\/wp\/v2\/pages"}],"about":[{"href":"https:\/\/www.heatersales.ca\/fr-ca\/wp-json\/wp\/v2\/types\/page"}],"author":[{"embeddable":true,"href":"https:\/\/www.heatersales.ca\/fr-ca\/wp-json\/wp\/v2\/users\/2"}],"replies":[{"embeddable":true,"href":"https:\/\/www.heatersales.ca\/fr-ca\/wp-json\/wp\/v2\/comments?post=1431"}],"version-history":[{"count":10,"href":"https:\/\/www.heatersales.ca\/fr-ca\/wp-json\/wp\/v2\/pages\/1431\/revisions"}],"predecessor-version":[{"id":2095,"href":"https:\/\/www.heatersales.ca\/fr-ca\/wp-json\/wp\/v2\/pages\/1431\/revisions\/2095"}],"wp:featuredmedia":[{"embeddable":true,"href":"https:\/\/www.heatersales.ca\/fr-ca\/wp-json\/"}],"wp:attachment":[{"href":"https:\/\/www.heatersales.ca\/fr-ca\/wp-json\/wp\/v2\/media?parent=1431"}],"curies":[{"name":"wp","href":"https:\/\/api.w.org\/{rel}","templated":true}]}}